{"id":786,"date":"2019-05-20T15:51:23","date_gmt":"2019-05-20T14:51:23","guid":{"rendered":"http:\/\/wordpress.localhost\/wordpress.localhost\/?post_type=product&#038;p=786"},"modified":"2020-01-20T17:48:19","modified_gmt":"2020-01-20T17:48:19","slug":"eticseifs","status":"publish","type":"product","link":"https:\/\/ecopaint-corporation.com\/pt\/produto\/eticseifs\/","title":{"rendered":"ETICS - Isolamento T\u00e9rmico Externo"},"content":{"rendered":"<h2 class=\"ecop\">\u00e9 desenvolvido pela ECOPAINT Corporation e \u00e9 um <strong>Produto ECO<\/strong>.<\/h2>\n<p>Isolamento t\u00e9rmico e ac\u00fastico de paredes exteriores com Aglomerado de Corti\u00e7a Expandida no exterior da fachada<\/p>\n<p><strong>BENEF\u00cdCIOS<\/strong><\/p>\n<ul>\n<li>Excelente desempenho do sistema termoac\u00fastico<\/li>\n<li>Excelente resist\u00eancia mec\u00e2nica<\/li>\n<li>Excelente in\u00e9rcia do sistema<\/li>\n<li>Estabilidade dimensional do material<\/li>\n<li>Alta durabilidade sem perda de caracter\u00edsticas<\/li>\n<li>Produto natural mais saud\u00e1vel<\/li>\n<li>Conforto com isolamento saud\u00e1vel<\/li>\n<li>Excelente capacidade de respira\u00e7\u00e3o<\/li>\n<li>Permite economia de energia<\/li>\n<li>Efic\u00e1cia a longo prazo<\/li>\n<\/ul>\n<p><strong><br \/>\nCARACTER\u00cdSTICAS T\u00c9CNICAS<\/strong><br \/>\n<strong>Densidade:<\/strong> 110 a 120 Kg\/m3<br \/>\n<strong>Condutividade t\u00e9rmica:<\/strong> \u03bb = 0,037 a 0,040 W\/m\u00b0C<br \/>\n<strong>Resist\u00eancia \u00e0 flex\u00e3o:<\/strong> \u2265 1,8&#215;106 kg\/m2<br \/>\n<strong>Resist\u00eancia \u00e0 compress\u00e3o:<\/strong> 10%: \u2265 100 KPa<br \/>\n<strong>Resist\u00eancia Perpendicular \u00e0 Face:<\/strong> declarado TR50 (resultados do teste 60 KPa)<br \/>\n<strong>Comportamento ideal numa faixa de temperatura grande:<\/strong> -180\u00b0C a 120\u00b0C<br \/>\n<strong>Resist\u00eancia ao Fogo do Sistema:<\/strong> Euroclass B<br \/>\n<strong>Resist\u00eancia ao fator de umidade:<\/strong> MU 20<br \/>\n<strong>Resist\u00eancia ao Fogo:<\/strong> Euroclass E<br \/>\nN\u00e3o absorve \u00e1gua por a\u00e7\u00e3o capilar<br \/>\nExcelente insonoriza\u00e7\u00e3o<\/p>\n<p><strong>DIMENS\u00d5ES DO PRODUTO<br \/>\n<\/strong><strong>Padr\u00e3o:<\/strong> 1000x500x (10 to 320mm)<br \/>\n<strong>Outros tamanhos:<\/strong> Mediante solicita\u00e7\u00e3o<\/p>\n<p><strong>CARACTER\u00cdSTICAS AMBIENTAIS<\/strong><\/p>\n<ul>\n<li>Processo Industrial 100% Natural e Sem Aditivos<\/li>\n<li>Durabilidade 50 a 60 Anos sem perda de caracter\u00edsticas<\/li>\n<li>Totalmente Recicl\u00e1vel<\/li>\n<li>Dissipa CO2 (Carbono Negativo)<\/li>\n<li>Baixa energia incorporada<\/li>\n<li>Sem emiss\u00e3o de compostos nocivos para a qualidade do ar interior<\/li>\n<\/ul>\n<p><strong>Recomenda\u00e7\u00f5es de aplica\u00e7\u00e3o: <\/strong>Fixar os pain\u00e9is de isolamento expandido \u00e0 superf\u00edcie externa do suporte atrav\u00e9s do sistema ETICS.<br \/>\nSiga as instru\u00e7\u00f5es do sistema do fabricante da argamassa.<\/p>","protected":false},"excerpt":{"rendered":"<p>is developed by ECOPAINT Corporation and is an ECO Product. Thermal and acoustic insulation of exterior walls with Expanded cork agglomerate on the exterior of the facade BENEFITS Excellent thermo-acoustic system performance Excellent mechanical strength Excellent system inertia Dimensional stability of the material High durability without loss of features Healthier natural product Comfort with healthy [&hellip;]<\/p>","protected":false},"featured_media":2465,"comment_status":"open","ping_status":"closed","template":"","meta":[],"product_cat":[48,20],"product_tag":[71,493,143,483,488,356,482,259,151,150,485,475,353,492,474,484,478,477,479,490,351,324,495,350,489,491,487,481,486,476,355,480,494],"aioseo_notices":[],"_links":{"self":[{"href":"https:\/\/ecopaint-corporation.com\/pt\/wp-json\/wp\/v2\/product\/786"}],"collection":[{"href":"https:\/\/ecopaint-corporation.com\/pt\/wp-json\/wp\/v2\/product"}],"about":[{"href":"https:\/\/ecopaint-corporation.com\/pt\/wp-json\/wp\/v2\/types\/product"}],"replies":[{"embeddable":true,"href":"https:\/\/ecopaint-corporation.com\/pt\/wp-json\/wp\/v2\/comments?post=786"}],"version-history":[{"count":1,"href":"https:\/\/ecopaint-corporation.com\/pt\/wp-json\/wp\/v2\/product\/786\/revisions"}],"predecessor-version":[{"id":1452,"href":"https:\/\/ecopaint-corporation.com\/pt\/wp-json\/wp\/v2\/product\/786\/revisions\/1452"}],"wp:featuredmedia":[{"embeddable":true,"href":"https:\/\/ecopaint-corporation.com\/pt\/wp-json\/wp\/v2\/media\/2465"}],"wp:attachment":[{"href":"https:\/\/ecopaint-corporation.com\/pt\/wp-json\/wp\/v2\/media?parent=786"}],"wp:term":[{"taxonomy":"product_cat","embeddable":true,"href":"https:\/\/ecopaint-corporation.com\/pt\/wp-json\/wp\/v2\/product_cat?post=786"},{"taxonomy":"product_tag","embeddable":true,"href":"https:\/\/ecopaint-corporation.com\/pt\/wp-json\/wp\/v2\/product_tag?post=786"}],"curies":[{"name":"wp","href":"https:\/\/api.w.org\/{rel}","templated":true}]}}