{"id":792,"date":"2019-05-20T15:54:05","date_gmt":"2019-05-20T14:54:05","guid":{"rendered":"http:\/\/wordpress.localhost\/wordpress.localhost\/?post_type=product&#038;p=792"},"modified":"2020-01-10T12:53:52","modified_gmt":"2020-01-10T12:53:52","slug":"cork","status":"publish","type":"product","link":"https:\/\/ecopaint-corporation.com\/pt\/produto\/cork\/","title":{"rendered":"Piso de Corti\u00e7a"},"content":{"rendered":"<h2 class=\"ecop\">\u00e9 desenvolvido pela ECOPAINT Corporation e \u00e9 um <strong>Produto ECO<\/strong>.<\/h2>\n<p class=\"p1\">\u00c9 um piso flutuante com uma dupla camada de corti\u00e7a ECOPAINT, garantindo todos os benef\u00edcios da tecnologia Corktech que distingue os produtos ECOPAINT.<\/p>\n<p class=\"p1\">Um produto desenhado para quem procura um piso dom\u00e9stico economicamente vantajoso.<\/p>\n<p class=\"p1\">O seu verniz WPS (Wear Protect Surface) oferece resist\u00eancia \u00e0 classe 23 do produto (adequado para uso dom\u00e9stico ainda maior) e garantia de 10 anos para uso dom\u00e9stico.<\/p>\n<p><strong><br \/>\nSilence<br \/>\n<\/strong>It acts as an acoustic barrier between the floor and the lower divisions, reducing step noise by up to 53%.<\/p>\n<p><strong>Isolamento T\u00e9rmico Natural<br \/>\n<\/strong>Ideal floor temperature throughout the year, contributing to a comfortable environment.<\/p>\n<p><strong>Conforto ao Caminhar<br \/>\n<\/strong>Ideal floor temperature throughout the year, contributing to a comfortable environment.<\/p>\n<p><strong>Resist\u00eancia ao Impacto<br \/>\n<\/strong>Optimum floor absorbing shocks, contributing to a long service life due to cork&#8217;s elasticity and compressibility.<\/p>","protected":false},"excerpt":{"rendered":"<p>is developed by ECOPAINT Corporation and is an ECO Product. It is a floating floor with a double layer of ECOPAINT cork, ensuring all the benefits of Corktech technology that distinguishes ECOPAINT products. A product designed for those looking for an economically advantageous home floor. Its WPS (Wear Protect Surface) varnish gives the product class [&hellip;]<\/p>","protected":false},"featured_media":3455,"comment_status":"open","ping_status":"closed","template":"","meta":[],"product_cat":[22],"product_tag":[208,200,151,201,150,199,207,206,204,209,203,202,205],"aioseo_notices":[],"_links":{"self":[{"href":"https:\/\/ecopaint-corporation.com\/pt\/wp-json\/wp\/v2\/product\/792"}],"collection":[{"href":"https:\/\/ecopaint-corporation.com\/pt\/wp-json\/wp\/v2\/product"}],"about":[{"href":"https:\/\/ecopaint-corporation.com\/pt\/wp-json\/wp\/v2\/types\/product"}],"replies":[{"embeddable":true,"href":"https:\/\/ecopaint-corporation.com\/pt\/wp-json\/wp\/v2\/comments?post=792"}],"version-history":[{"count":1,"href":"https:\/\/ecopaint-corporation.com\/pt\/wp-json\/wp\/v2\/product\/792\/revisions"}],"predecessor-version":[{"id":3456,"href":"https:\/\/ecopaint-corporation.com\/pt\/wp-json\/wp\/v2\/product\/792\/revisions\/3456"}],"wp:featuredmedia":[{"embeddable":true,"href":"https:\/\/ecopaint-corporation.com\/pt\/wp-json\/wp\/v2\/media\/3455"}],"wp:attachment":[{"href":"https:\/\/ecopaint-corporation.com\/pt\/wp-json\/wp\/v2\/media?parent=792"}],"wp:term":[{"taxonomy":"product_cat","embeddable":true,"href":"https:\/\/ecopaint-corporation.com\/pt\/wp-json\/wp\/v2\/product_cat?post=792"},{"taxonomy":"product_tag","embeddable":true,"href":"https:\/\/ecopaint-corporation.com\/pt\/wp-json\/wp\/v2\/product_tag?post=792"}],"curies":[{"name":"wp","href":"https:\/\/api.w.org\/{rel}","templated":true}]}}