{"id":793,"date":"2019-05-20T15:54:24","date_gmt":"2019-05-20T14:54:24","guid":{"rendered":"http:\/\/wordpress.localhost\/wordpress.localhost\/?post_type=product&#038;p=793"},"modified":"2020-01-10T11:14:29","modified_gmt":"2020-01-10T11:14:29","slug":"floating-floor","status":"publish","type":"product","link":"https:\/\/ecopaint-corporation.com\/pt\/produto\/floating-floor\/","title":{"rendered":"Piso Flutuante (Hydrocork)"},"content":{"rendered":"<h2 class=\"ecop\">\u00e9 desenvolvido pela ECOPAINT Corporation e \u00e9 um <strong>Produto ECO<\/strong>.<\/h2>\n<p>O pavimento \u00e0 prova de \u00e1gua \u00e9 uma solu\u00e7\u00e3o de flutuante de baixa espessura e 100% \u00e0 prova de \u00e1gua, o que significa que pode ser utilizado em todas as \u00e1reas, incluindo casas de banho e cozinhas. Um pavimento de f\u00e1cil e r\u00e1pida instala\u00e7\u00e3o gra\u00e7as ao revolucion\u00e1rio sistema de compress\u00e3o PressFit que funciona como uma rolha de corti\u00e7a.<br \/>\nA elasticidade e resist\u00eancia da camada de corti\u00e7a, do pavimento \u00e0 prova de \u00e1gua, criam um pavimento extra resistente, adapt\u00e1vel \u00e0 press\u00e3o e capaz de recuperar de impactos violentos. A superf\u00edcie incorpora uma camada de desgaste protetora, facilitando a limpeza e tornando-o altamente duradouro.<br \/>\nWe have a variety of shades available, we suggest you contact us so we can assist you.<\/p>\n<p><strong>BENEF\u00cdCIOS<\/strong><\/p>\n<ul>\n<li>Isolamento t\u00e9rmico natural<\/li>\n<li>100% imperme\u00e1vel<\/li>\n<li>Redu\u00e7\u00e3o de ru\u00eddo<\/li>\n<li>Conforto ao caminhar<\/li>\n<li>Resist\u00eancia ao impacto<\/li>\n<li>Padroniza\u00e7\u00e3o de desenhos<\/li>\n<li>Instala\u00e7\u00e3o f\u00e1cil e r\u00e1pida<\/li>\n<\/ul>\n<p><strong><br \/>\nDADOS T\u00c9CNICOS<\/strong><\/p>\n<p><strong>Gamas de produto:<\/strong><br \/>\nMadeira, Pedra, Corti\u00e7a e \"Dekwall\"<\/p>\n<p><strong>Dimens\u00f5es:<\/strong><br \/>\nFormato de prancha de 1225x145mm<br \/>\nFormato 605x145mm (adequado para instala\u00e7\u00e3o em espinha de peixe)<\/p>\n<p><strong>Composi\u00e7\u00e3o do pavimento<\/strong><\/p>\n<ol>\n<li>Camada protectora de desgaste<\/li>\n<li>Decorativo de alta resolu\u00e7\u00e3o<\/li>\n<li>Camada s\u00f3lida de vinil<\/li>\n<li>Corti\u00e7a expandida de 2,7mm<\/li>\n<li>Camada de vinil de estabiliza\u00e7\u00e3o<\/li>\n<\/ol>\n<p><strong>M\u00c9TODO DE APLICA\u00c7\u00c3O<\/strong><br \/>\nInstala\u00e7\u00e3o est\u00e1vel e forte com sistema de compress\u00e3o pressfit.<br \/>\nPressfit \u00e9 um revolucion\u00e1rio sistema de compress\u00e3o que aproveita ao m\u00e1ximo as incr\u00edveis propriedades da corti\u00e7a - flexibilidade, elasticidade e compressibilidade - funciona como uma rolha de corti\u00e7a.<\/p>\n<ol>\n<li>Segurar duas placas lado a lado<\/li>\n<li>Pressionar ao longo da articula\u00e7\u00e3o com a ajuda de um martelo de borracha branco.<\/li>\n<\/ol>","protected":false},"excerpt":{"rendered":"<p>is developed by ECOPAINT Corporation and is an ECO Product. The waterproof floor is a 100% waterproof, low-thickness floating solution, which means it can be used in all areas, including bathrooms and kitchens. A floor of easy and quick installation thanks to the revolutionary PressFit compression system that works like a cork stopper. The elasticity [&hellip;]<\/p>","protected":false},"featured_media":2154,"comment_status":"open","ping_status":"closed","template":"","meta":[],"product_cat":[22],"product_tag":[454,464,302,457,143,456,467,462,460,295,468,458,151,150,461,463,199,470,465,452,473,455,204,466,469,472,459,471,144,425,453],"aioseo_notices":[],"_links":{"self":[{"href":"https:\/\/ecopaint-corporation.com\/pt\/wp-json\/wp\/v2\/product\/793"}],"collection":[{"href":"https:\/\/ecopaint-corporation.com\/pt\/wp-json\/wp\/v2\/product"}],"about":[{"href":"https:\/\/ecopaint-corporation.com\/pt\/wp-json\/wp\/v2\/types\/product"}],"replies":[{"embeddable":true,"href":"https:\/\/ecopaint-corporation.com\/pt\/wp-json\/wp\/v2\/comments?post=793"}],"version-history":[{"count":1,"href":"https:\/\/ecopaint-corporation.com\/pt\/wp-json\/wp\/v2\/product\/793\/revisions"}],"predecessor-version":[{"id":1474,"href":"https:\/\/ecopaint-corporation.com\/pt\/wp-json\/wp\/v2\/product\/793\/revisions\/1474"}],"wp:featuredmedia":[{"embeddable":true,"href":"https:\/\/ecopaint-corporation.com\/pt\/wp-json\/wp\/v2\/media\/2154"}],"wp:attachment":[{"href":"https:\/\/ecopaint-corporation.com\/pt\/wp-json\/wp\/v2\/media?parent=793"}],"wp:term":[{"taxonomy":"product_cat","embeddable":true,"href":"https:\/\/ecopaint-corporation.com\/pt\/wp-json\/wp\/v2\/product_cat?post=793"},{"taxonomy":"product_tag","embeddable":true,"href":"https:\/\/ecopaint-corporation.com\/pt\/wp-json\/wp\/v2\/product_tag?post=793"}],"curies":[{"name":"wp","href":"https:\/\/api.w.org\/{rel}","templated":true}]}}