{"id":794,"date":"2019-05-20T15:54:51","date_gmt":"2019-05-20T14:54:51","guid":{"rendered":"http:\/\/wordpress.localhost\/wordpress.localhost\/?post_type=product&#038;p=794"},"modified":"2019-11-29T11:51:26","modified_gmt":"2019-11-29T11:51:26","slug":"vinyl","status":"publish","type":"product","link":"https:\/\/ecopaint-corporation.com\/pt\/produto\/vinyl\/","title":{"rendered":"V\u00ednil"},"content":{"rendered":"<h2 class=\"ecop\">\u00e9 desenvolvido pela ECOPAINT Corporation e \u00e9 um <strong>Produto ECO<\/strong>.<\/h2>\n<p class=\"p3\"><strong>Pisos de v\u00ednil para todas as divis\u00f5es:<\/strong><\/p>\n<p class=\"p3\">Cozinhas e casas de banho s\u00e3o apenas o come\u00e7o. Com uma variedade de estilos, texturas e cores compat\u00edveis com o or\u00e7amento, vai querer adicionar pisos vin\u00edlicos de alta qualidade e baixa manuten\u00e7\u00e3o em todos os quartos.<br \/>\nSeja qual for a sua necessidade, h\u00e1 um estilo \u00e0 prova d'\u00e1gua ou imperme\u00e1vel que \u00e9 perfeito para casa de banho, cozinha, lavandaria ou cave.<br \/>\nAs novas tecnologias melhoraram drasticamente os pavimentos desde os estilos mais antigos de lin\u00f3leo. Agora, o v\u00ednil oferece uma textura realista e elevada, que tem a beleza da madeira sem muita manuten\u00e7\u00e3o ou preocupa\u00e7\u00e3o com vazamentos de \u00e1gua.<\/p>\n<p class=\"p3\"><strong>Caracter\u00edsticas comuns:<\/strong><\/p>\n<ul>\n<li class=\"p3\">Resistente \u00e0 \u00e1gua<\/li>\n<li class=\"p3\">Resistente a riscos<\/li>\n<li class=\"p3\">Resistente a manchas<\/li>\n<li class=\"p3\">Categoria Comercial<\/li>\n<\/ul>\n<p class=\"p3\"><strong>Principais tend\u00eancias em v\u00ednil:<\/strong><\/p>\n<ul>\n<li class=\"p3\">Piso de v\u00ednil com aspecto de madeira<\/li>\n<li class=\"p3\">V\u00ednil para parede<\/li>\n<li class=\"p3\">Pranchas de V\u00ednil de M\u00faltiplas Larguras<\/li>\n<li class=\"p3\">Revestimento de V\u00ednil Padronizado<\/li>\n<li class=\"p3\">V\u00ednil Padronizado Enc\u00e1ustico<\/li>\n<li class=\"p3\">V\u00ednil com apar\u00eancia de pedra<\/li>\n<\/ul>","protected":false},"excerpt":{"rendered":"<p>is developed by ECOPAINT Corporation and is an ECO Product. Vinyl Flooring for every room: Kitchens and baths are just the beginning. With a variety of budget-friendly styles, textures and colours, you\u2019ll want to add high-quality, low-maintenance vinyl flooring to every room. No matter your need, there&#8217;s a water-resistant or waterproof style that is perfect [&hellip;]<\/p>","protected":false},"featured_media":2216,"comment_status":"open","ping_status":"closed","template":"","meta":[],"product_cat":[22],"product_tag":[436,433,424,426,282,444,151,150,450,429,438,434,423,435,430,448,437,449,441,440,439,442,443,451,428,427,445,425,421,422,447,431,432,446],"aioseo_notices":[],"_links":{"self":[{"href":"https:\/\/ecopaint-corporation.com\/pt\/wp-json\/wp\/v2\/product\/794"}],"collection":[{"href":"https:\/\/ecopaint-corporation.com\/pt\/wp-json\/wp\/v2\/product"}],"about":[{"href":"https:\/\/ecopaint-corporation.com\/pt\/wp-json\/wp\/v2\/types\/product"}],"replies":[{"embeddable":true,"href":"https:\/\/ecopaint-corporation.com\/pt\/wp-json\/wp\/v2\/comments?post=794"}],"version-history":[{"count":0,"href":"https:\/\/ecopaint-corporation.com\/pt\/wp-json\/wp\/v2\/product\/794\/revisions"}],"wp:featuredmedia":[{"embeddable":true,"href":"https:\/\/ecopaint-corporation.com\/pt\/wp-json\/wp\/v2\/media\/2216"}],"wp:attachment":[{"href":"https:\/\/ecopaint-corporation.com\/pt\/wp-json\/wp\/v2\/media?parent=794"}],"wp:term":[{"taxonomy":"product_cat","embeddable":true,"href":"https:\/\/ecopaint-corporation.com\/pt\/wp-json\/wp\/v2\/product_cat?post=794"},{"taxonomy":"product_tag","embeddable":true,"href":"https:\/\/ecopaint-corporation.com\/pt\/wp-json\/wp\/v2\/product_tag?post=794"}],"curies":[{"name":"wp","href":"https:\/\/api.w.org\/{rel}","templated":true}]}}