{"id":797,"date":"2019-05-20T15:55:43","date_gmt":"2019-05-20T14:55:43","guid":{"rendered":"http:\/\/wordpress.localhost\/wordpress.localhost\/?post_type=product&#038;p=797"},"modified":"2019-11-29T11:44:18","modified_gmt":"2019-11-29T11:44:18","slug":"recycled-rubber-high-density-plates","status":"publish","type":"product","link":"https:\/\/ecopaint-corporation.com\/pt\/produto\/recycled-rubber-high-density-plates\/","title":{"rendered":"Borracha Reciclada (Placas de Alta Densidade)"},"content":{"rendered":"<h2 class=\"ecop\">\u00e9 desenvolvido pela ECOPAINT Corporation e \u00e9 um <strong>Produto ECO<\/strong>.<\/h2>\n<p>Placas de Alta Densidade (HDP) s\u00e3o produtos inovadores compostos de borracha de pneu 100% reciclada (SBR). Estes produtos distinguem-se pela sua alta resist\u00eancia e capacidade de absor\u00e7\u00e3o de impacto. A sua aplica\u00e7\u00e3o \u00e9 fundamental em pisos que tem como grande preocupa\u00e7\u00e3o a seguran\u00e7a m\u00e1xima dos seus utilizadores. Tendo em conta as suas caracter\u00edsticas, este produto torna-se assim um equipamento de seguran\u00e7a coletivo.<br \/>\nNeste produto podem ser incorporados outros materiais reciclados, como cer\u00e2micas, corti\u00e7a, pl\u00e1stico, etc.<\/p>\n<p><strong><br \/>\nBENEF\u00cdCIOS<\/strong><\/p>\n<ul>\n<li>Resistente<\/li>\n<li>El\u00e1stico<\/li>\n<li>Boa absor\u00e7\u00e3o de impacto<\/li>\n<li>Drenagem<\/li>\n<\/ul>\n<p><strong><br \/>\nDADOS T\u00c9CNICOS<br \/>\n<\/strong><strong>Cores:<\/strong><\/p>\n<ul>\n<li>Azul<\/li>\n<li>Cinzento<\/li>\n<li>Verde<\/li>\n<li>Vermelho<\/li>\n<\/ul>\n<p>Nota: Outras cores de acordo com as especifica\u00e7\u00f5es do cliente.<\/p>\n<p><strong>Dimens\u00f5es:<\/strong><\/p>\n<ul>\n<li>A-510mm (toler\u00e2ncia +\/- 2)<\/li>\n<li>B-510mm (toler\u00e2ncia +\/- 2)<\/li>\n<li>C-20mm (toler\u00e2ncia +\/- 1)<\/li>\n<\/ul>\n<p><strong>Peso: <\/strong>5Kg (toler\u00e2ncia +\/- 0.3)<br \/>\n<strong>Apar\u00eancia: <\/strong>O produto padr\u00e3o consiste numa camada inferior de gr\u00e2nulos pretos mais grossos. A parte superior \u00e9 composta por gr\u00e3os coloridos mais finos, melhorando assim a sua est\u00e9tica.<\/p>\n<p><strong><br \/>\nAPLICA\u00c7\u00c3O<br \/>\n<\/strong><strong>\u00c1reas de aplica\u00e7\u00e3o:<\/strong> Parques desportivos, gin\u00e1sios, salas de fisioterapia, lares de idosos, \u00e1reas de lazer, bordadura de piscinas, passeios p\u00fablicos, equita\u00e7\u00e3o, ciclovias e outros.<br \/>\n<strong>M\u00e9todo de aplica\u00e7\u00e3o<\/strong> A base para este tipo de piso pode ser cimento, asfalto ou madeira. Antes da aplica\u00e7\u00e3o, certifique-se de que a superf\u00edcie esteja livre de umidade, part\u00edculas soltas, \u00f3leos ou outras subst\u00e2ncias que impe\u00e7am uma boa ades\u00e3o.<\/p>","protected":false},"excerpt":{"rendered":"<p>is developed by ECOPAINT Corporation and is an ECO Product. High Density Plates (HDP) are innovative products composed of 100% recycled tire rubber (SBR). These products are distinguished by their high strength and impact absorption capacity. Its application is fundamental in flooring that has as great concern the maximum safety of its users. Taking into [&hellip;]<\/p>","protected":false},"featured_media":2171,"comment_status":"open","ping_status":"closed","template":"","meta":[],"product_cat":[22],"product_tag":[287,297,302,143,417,291,282,264,300,295,294,151,150,292,420,370,373,414,367,415,378,293,369,368,290,299,374,418,376,377,375,416,358,276,288,372,144,419],"aioseo_notices":[],"_links":{"self":[{"href":"https:\/\/ecopaint-corporation.com\/pt\/wp-json\/wp\/v2\/product\/797"}],"collection":[{"href":"https:\/\/ecopaint-corporation.com\/pt\/wp-json\/wp\/v2\/product"}],"about":[{"href":"https:\/\/ecopaint-corporation.com\/pt\/wp-json\/wp\/v2\/types\/product"}],"replies":[{"embeddable":true,"href":"https:\/\/ecopaint-corporation.com\/pt\/wp-json\/wp\/v2\/comments?post=797"}],"version-history":[{"count":1,"href":"https:\/\/ecopaint-corporation.com\/pt\/wp-json\/wp\/v2\/product\/797\/revisions"}],"predecessor-version":[{"id":1455,"href":"https:\/\/ecopaint-corporation.com\/pt\/wp-json\/wp\/v2\/product\/797\/revisions\/1455"}],"wp:featuredmedia":[{"embeddable":true,"href":"https:\/\/ecopaint-corporation.com\/pt\/wp-json\/wp\/v2\/media\/2171"}],"wp:attachment":[{"href":"https:\/\/ecopaint-corporation.com\/pt\/wp-json\/wp\/v2\/media?parent=797"}],"wp:term":[{"taxonomy":"product_cat","embeddable":true,"href":"https:\/\/ecopaint-corporation.com\/pt\/wp-json\/wp\/v2\/product_cat?post=797"},{"taxonomy":"product_tag","embeddable":true,"href":"https:\/\/ecopaint-corporation.com\/pt\/wp-json\/wp\/v2\/product_tag?post=797"}],"curies":[{"name":"wp","href":"https:\/\/api.w.org\/{rel}","templated":true}]}}