{"id":799,"date":"2019-05-20T15:56:23","date_gmt":"2019-05-20T14:56:23","guid":{"rendered":"http:\/\/wordpress.localhost\/wordpress.localhost\/?post_type=product&#038;p=799"},"modified":"2019-11-29T11:39:32","modified_gmt":"2019-11-29T11:39:32","slug":"recycled-plastic","status":"publish","type":"product","link":"https:\/\/ecopaint-corporation.com\/pt\/produto\/recycled-plastic\/","title":{"rendered":"Pl\u00e1stico Reciclado"},"content":{"rendered":"<h2 class=\"ecop\">\u00e9 desenvolvido pela ECOPAINT Corporation e \u00e9 um <strong>Produto ECO<\/strong>.<\/h2>\n<p>Os pavimentos e revestimentos, al\u00e9m das in\u00fameras vantagens como produto, especialmente para \u00e1reas que envolvem o uso de \u00e1gua, s\u00e3o esteticamente atraentes e muito semelhantes \u00e0s madeiras comuns, recurso natural que devemos preservar.<\/p>\n<p><strong>BENEF\u00cdCIOS<\/strong><\/p>\n<ul>\n<li>Ao combinar o baixo custo de instala\u00e7\u00e3o sem manuten\u00e7\u00e3o, os perfis de pl\u00e1stico reciclado e os seus artigos t\u00eam um custo de ciclo de vida muito inferior ao do a\u00e7o comum ou madeira;<\/li>\n<li>Resistente \u00e0 corros\u00e3o e ao vandalismo, n\u00e3o apodrece e \u00e9 inalter\u00e1vel;<\/li>\n<li>Mais leve que o a\u00e7o, cerca de 1\/3 do seu peso;<\/li>\n<li>Isolamento<\/li>\n<li>Insens\u00edvel \u00e0 \u00e1gua, umidade e agentes qu\u00edmicos;<\/li>\n<li>Robustez;<\/li>\n<li>Livre de manuten\u00e7\u00e3o, f\u00e1cil de lavar e desinfectar;<\/li>\n<li>Antiderrapante<\/li>\n<li>Inatac\u00e1vel por parasitas e fungos;<\/li>\n<li>Resistente ao choque, ruptura e abras\u00e3o;<\/li>\n<li>Baixos custos de instala\u00e7\u00e3o;<\/li>\n<li>Baixa taxa de investimento inicial \/ dura\u00e7\u00e3o de vida;<\/li>\n<li>Pode ser serrado, aplainado, usinado, pregado, parafusado e pintado.<\/li>\n<\/ul>\n<p><strong>DADOS T\u00c9CNICOS<br \/>\n<\/strong><strong>Tipos de fixa\u00e7\u00e3o: <\/strong>oculto ou vis\u00edvel<br \/>\n<strong>Tipos de placas:<\/strong><\/p>\n<ul>\n<li>25x90x1940mm<\/li>\n<li>40x90x194mm<\/li>\n<li>30x125x2400mm<\/li>\n<\/ul>","protected":false},"excerpt":{"rendered":"<p>is developed by ECOPAINT Corporation and is an ECO Product. The pavements and coatings, in addition to the innumerable advantages as a product, especially for areas involving the use of water, is aesthetically attractive and very similar to ordinary wood, a natural resource that we must preserve. BENEFITS Combining the low cost of installation with [&hellip;]<\/p>","protected":false},"featured_media":2449,"comment_status":"open","ping_status":"closed","template":"","meta":[],"product_cat":[22],"product_tag":[335,331,143,329,340,151,150,330,197,196,193,336,339,333,194,328,413,403,144],"aioseo_notices":[],"_links":{"self":[{"href":"https:\/\/ecopaint-corporation.com\/pt\/wp-json\/wp\/v2\/product\/799"}],"collection":[{"href":"https:\/\/ecopaint-corporation.com\/pt\/wp-json\/wp\/v2\/product"}],"about":[{"href":"https:\/\/ecopaint-corporation.com\/pt\/wp-json\/wp\/v2\/types\/product"}],"replies":[{"embeddable":true,"href":"https:\/\/ecopaint-corporation.com\/pt\/wp-json\/wp\/v2\/comments?post=799"}],"version-history":[{"count":1,"href":"https:\/\/ecopaint-corporation.com\/pt\/wp-json\/wp\/v2\/product\/799\/revisions"}],"predecessor-version":[{"id":1456,"href":"https:\/\/ecopaint-corporation.com\/pt\/wp-json\/wp\/v2\/product\/799\/revisions\/1456"}],"wp:featuredmedia":[{"embeddable":true,"href":"https:\/\/ecopaint-corporation.com\/pt\/wp-json\/wp\/v2\/media\/2449"}],"wp:attachment":[{"href":"https:\/\/ecopaint-corporation.com\/pt\/wp-json\/wp\/v2\/media?parent=799"}],"wp:term":[{"taxonomy":"product_cat","embeddable":true,"href":"https:\/\/ecopaint-corporation.com\/pt\/wp-json\/wp\/v2\/product_cat?post=799"},{"taxonomy":"product_tag","embeddable":true,"href":"https:\/\/ecopaint-corporation.com\/pt\/wp-json\/wp\/v2\/product_tag?post=799"}],"curies":[{"name":"wp","href":"https:\/\/api.w.org\/{rel}","templated":true}]}}