{"id":802,"date":"2019-05-20T15:57:38","date_gmt":"2019-05-20T14:57:38","guid":{"rendered":"http:\/\/wordpress.localhost\/wordpress.localhost\/?post_type=product&#038;p=802"},"modified":"2019-11-29T11:29:06","modified_gmt":"2019-11-29T11:29:06","slug":"flower-pots","status":"publish","type":"product","link":"https:\/\/ecopaint-corporation.com\/pt\/produto\/flower-pots\/","title":{"rendered":"Floreiras"},"content":{"rendered":"<h2 class=\"ecop\">\u00e9 desenvolvido pela ECOPAINT Corporation e \u00e9 um <strong>Produto ECO<\/strong>.<\/h2>\n<p>\u2022 Ao combinar o baixo custo de instala\u00e7\u00e3o com o n\u00e3o necessitar de manuten\u00e7\u00e3o, os perfis de pl\u00e1stico reciclado t\u00eam um custo de ciclo de vida muito inferior ao do a\u00e7o comum ou madeira;<br \/>\n\u2022 Resistente \u00e0 corros\u00e3o e ao vandalismo, n\u00e3o apodrece e \u00e9 inalter\u00e1vel;<br \/>\n\u2022 Mais leve que o a\u00e7o, cerca de 1\/3 do seu peso;<br \/>\n\u2022 Isolamento;<br \/>\n\u2022 Insens\u00edvel \u00e0 \u00e1gua, umidade e agentes qu\u00edmicos;<br \/>\n\u2022 Robustez;<br \/>\n\u2022 Dispon\u00edvel em v\u00e1rias cores;<br \/>\n\u2022 Livre de manuten\u00e7\u00e3o, f\u00e1cil de lavar e desinfectar;<br \/>\n\u2022 Antiderrapante;<br \/>\n\u2022 Reliable by parasites and fungi;<br \/>\n\u2022 Resistente a choque, ruptura e abras\u00e3o;<br \/>\n\u2022 Baixos custos de instala\u00e7\u00e3o;<br \/>\n\u2022 Baixa taxa de investimento inicial \/ dura\u00e7\u00e3o de vida;<br \/>\n\u2022 Pode ser serrado, aplainado, usinado, pregado, parafusado e pintado.<\/p>","protected":false},"excerpt":{"rendered":"<p>is developed by ECOPAINT Corporation and is an ECO Product. \u2022 By combining the low cost of installation with no maintenance, the recycled plastic profiles and their articles have a life cycle cost much lower than that of ordinary steel or wood; \u2022 Resistant to corrosion and vandalism, does not rot and is unalterable; \u2022 [&hellip;]<\/p>","protected":false},"featured_media":2201,"comment_status":"open","ping_status":"closed","template":"","meta":[],"product_cat":[44,23],"product_tag":[410,340,151,150,400,197,408,193,342,409,339,194,195,341,403],"aioseo_notices":[],"_links":{"self":[{"href":"https:\/\/ecopaint-corporation.com\/pt\/wp-json\/wp\/v2\/product\/802"}],"collection":[{"href":"https:\/\/ecopaint-corporation.com\/pt\/wp-json\/wp\/v2\/product"}],"about":[{"href":"https:\/\/ecopaint-corporation.com\/pt\/wp-json\/wp\/v2\/types\/product"}],"replies":[{"embeddable":true,"href":"https:\/\/ecopaint-corporation.com\/pt\/wp-json\/wp\/v2\/comments?post=802"}],"version-history":[{"count":1,"href":"https:\/\/ecopaint-corporation.com\/pt\/wp-json\/wp\/v2\/product\/802\/revisions"}],"predecessor-version":[{"id":3794,"href":"https:\/\/ecopaint-corporation.com\/pt\/wp-json\/wp\/v2\/product\/802\/revisions\/3794"}],"wp:featuredmedia":[{"embeddable":true,"href":"https:\/\/ecopaint-corporation.com\/pt\/wp-json\/wp\/v2\/media\/2201"}],"wp:attachment":[{"href":"https:\/\/ecopaint-corporation.com\/pt\/wp-json\/wp\/v2\/media?parent=802"}],"wp:term":[{"taxonomy":"product_cat","embeddable":true,"href":"https:\/\/ecopaint-corporation.com\/pt\/wp-json\/wp\/v2\/product_cat?post=802"},{"taxonomy":"product_tag","embeddable":true,"href":"https:\/\/ecopaint-corporation.com\/pt\/wp-json\/wp\/v2\/product_tag?post=802"}],"curies":[{"name":"wp","href":"https:\/\/api.w.org\/{rel}","templated":true}]}}