{"id":808,"date":"2019-05-20T16:06:51","date_gmt":"2019-05-20T15:06:51","guid":{"rendered":"http:\/\/wordpress.localhost\/wordpress.localhost\/?post_type=product&#038;p=808"},"modified":"2019-11-29T11:16:15","modified_gmt":"2019-11-29T11:16:15","slug":"rubber-mats","status":"publish","type":"product","link":"https:\/\/ecopaint-corporation.com\/pt\/produto\/rubber-mats\/","title":{"rendered":"Tapetes de Borracha (100% reciclado)"},"content":{"rendered":"<h2 class=\"ecop\">\u00e9 desenvolvido pela ECOPAINT Corporation e \u00e9 um <strong>Produto ECO<\/strong>.<\/h2>\n<p>Os tapetes s\u00e3o produtos inovadores compostos por pneus de borracha 100% reciclada (SBR).<br \/>\nEstes produtos distinguem-se pela sua resist\u00eancia e capacidade de absor\u00e7\u00e3o de impacto, bem como uma grande ader\u00eancia ao pavimento. A sua aplica\u00e7\u00e3o \u00e9 fundamental em espa\u00e7os que t\u00eam como grande preocupa\u00e7\u00e3o a  seguran\u00e7a do seus utilizadores.<\/p>\n<p><strong><br \/>\nBENEF\u00cdCIOS<\/strong><\/p>\n<ul>\n<li>El\u00e1stico<\/li>\n<li>Resistente<\/li>\n<li>Boa absor\u00e7\u00e3o de impacto<\/li>\n<li>Drenagem<\/li>\n<li>\u00c1reas comuns de aplica\u00e7\u00e3o s\u00e3o Ind\u00fastria (\u00e1reas de trabalho cont\u00ednuo), instala\u00e7\u00f5es dom\u00e9sticas e desportivas (resorts de sa\u00fade)<\/li>\n<\/ul>\n<p><strong><br \/>\nDADOS T\u00c9CNICOS<br \/>\n<\/strong><strong>Cores:<\/strong><\/p>\n<ul>\n<li>Azul<\/li>\n<li>Cinzento<\/li>\n<li>Verde<\/li>\n<li>Vermelho<\/li>\n<\/ul>\n<p>Nota: Outras cores de acordo com as especifica\u00e7\u00f5es do cliente.<\/p>\n<p><strong>Dimens\u00f5es:<\/strong><\/p>\n<ul>\n<li>A-1000mm (toler\u00e2ncia +\/- 5)<\/li>\n<li>B-500mm (toler\u00e2ncia +\/- 5)<\/li>\n<li>C-\u00d8 25mm (toler\u00e2ncia +\/- 1)<\/li>\n<li>D-19mm (toler\u00e2ncia +\/- 1)<\/li>\n<\/ul>\n<p><strong>Peso: <\/strong>6,5 kg (toler\u00e2ncia +\/- 0,25)<\/p>","protected":false},"excerpt":{"rendered":"<p>is developed by ECOPAINT Corporation and is an ECO Product. The Rugs are innovative products composed of 100% recycled tire rubber (SBR). These products are distinguished by their resistance and impact absorption capacity, as well as a great adhesion to the floor. Its application is fundamental in spaces that have as great concern the maximum [&hellip;]<\/p>","protected":false},"featured_media":2170,"comment_status":"open","ping_status":"closed","template":"","meta":[],"product_cat":[45,23],"product_tag":[386,287,143,282,295,388,151,150,292,395,293,368,396,394,276,392,393,288,144,296],"aioseo_notices":[],"_links":{"self":[{"href":"https:\/\/ecopaint-corporation.com\/pt\/wp-json\/wp\/v2\/product\/808"}],"collection":[{"href":"https:\/\/ecopaint-corporation.com\/pt\/wp-json\/wp\/v2\/product"}],"about":[{"href":"https:\/\/ecopaint-corporation.com\/pt\/wp-json\/wp\/v2\/types\/product"}],"replies":[{"embeddable":true,"href":"https:\/\/ecopaint-corporation.com\/pt\/wp-json\/wp\/v2\/comments?post=808"}],"version-history":[{"count":0,"href":"https:\/\/ecopaint-corporation.com\/pt\/wp-json\/wp\/v2\/product\/808\/revisions"}],"wp:featuredmedia":[{"embeddable":true,"href":"https:\/\/ecopaint-corporation.com\/pt\/wp-json\/wp\/v2\/media\/2170"}],"wp:attachment":[{"href":"https:\/\/ecopaint-corporation.com\/pt\/wp-json\/wp\/v2\/media?parent=808"}],"wp:term":[{"taxonomy":"product_cat","embeddable":true,"href":"https:\/\/ecopaint-corporation.com\/pt\/wp-json\/wp\/v2\/product_cat?post=808"},{"taxonomy":"product_tag","embeddable":true,"href":"https:\/\/ecopaint-corporation.com\/pt\/wp-json\/wp\/v2\/product_tag?post=808"}],"curies":[{"name":"wp","href":"https:\/\/api.w.org\/{rel}","templated":true}]}}