{"id":810,"date":"2019-05-20T16:07:20","date_gmt":"2019-05-20T15:07:20","guid":{"rendered":"http:\/\/wordpress.localhost\/wordpress.localhost\/?post_type=product&#038;p=810"},"modified":"2019-11-29T11:10:49","modified_gmt":"2019-11-29T11:10:49","slug":"standard-kerbstone","status":"publish","type":"product","link":"https:\/\/ecopaint-corporation.com\/pt\/produto\/standard-kerbstone\/","title":{"rendered":"Lancil Standard"},"content":{"rendered":"<h2 class=\"ecop\">\u00e9 desenvolvido pela ECOPAINT Corporation e \u00e9 um <strong>Produto ECO<\/strong>.<\/h2>\n<p>Lancil para piso de seguran\u00e7a, s\u00e3o produtos inovadores compostos de borracha de pneu 100% reciclada (SBR).<br \/>\nEstes produtos t\u00eam capacidade de amortecimento e de absor\u00e7\u00e3o de impacto.<br \/>\nA sua aplica\u00e7\u00e3o \u00e9 fundamental em locais que d\u00e3o grande import\u00e2ncia \u00e0 seguran\u00e7a dos seus utilizadores. Tendo em conta as suas caracter\u00edsticas, este produto torna-se uma medida de seguran\u00e7a coletiva.<\/p>\n<p><strong><br \/>\nBENEF\u00cdCIOS<\/strong><\/p>\n<ul>\n<li>El\u00e1stico<\/li>\n<li>Resistente<\/li>\n<li>Boa absor\u00e7\u00e3o de impacto<\/li>\n<li>Drenagem<\/li>\n<\/ul>\n<p><strong><br \/>\nDADOS T\u00c9CNICOS<br \/>\n<\/strong><strong>Cores:<\/strong><\/p>\n<ul>\n<li>Azul<\/li>\n<li>Cinzento<\/li>\n<li>Verde<\/li>\n<li>Vermelho<\/li>\n<\/ul>\n<p>Nota: Outras cores de acordo com as especifica\u00e7\u00f5es do cliente.<\/p>\n<p><strong>Dimens\u00f5es:<\/strong><\/p>\n<ul>\n<li>A-90mm (toler\u00e2ncia +\/- 3)<\/li>\n<li>B-215mm (toler\u00e2ncia +\/- 3)<\/li>\n<li>C-125mm (toler\u00e2ncia +\/- 3)<\/li>\n<li>D-70mm (toler\u00e2ncia +\/- 3)<\/li>\n<li>E- 145mm (toler\u00e2ncia +\/- 3)<\/li>\n<li>F-1020mm (toler\u00e2ncia +\/- 3)<\/li>\n<\/ul>\n<p><strong>Peso: <\/strong>16Kg (toler\u00e2ncia+\/- 0.5)<\/p>\n<p><strong><br \/>\nAPLICA\u00c7\u00c3O<br \/>\n<\/strong><strong>\u00c1reas de aplica\u00e7\u00e3o: <\/strong>Parques infantis, lares de idosos, ciclovias, recintos desportivos, etc.<br \/>\n<strong>M\u00e9todo de aplica\u00e7\u00e3o <\/strong>A aplica\u00e7\u00e3o de SBR mais comum \u00e9 feita atrav\u00e9s de uma funda\u00e7\u00e3o de bet\u00e3o, e tamb\u00e9m pode ser colocada em resina de poliuretano em superf\u00edcies de madeira, cimento ou asfalto.<br \/>\nNo caso de uma aplica\u00e7\u00e3o com resina, \u00e9 necess\u00e1rio garantir que as superf\u00edcies estejam livres de poeira e gordura, para garantir uma boa absor\u00e7\u00e3o.<\/p>","protected":false},"excerpt":{"rendered":"<p>is developed by ECOPAINT Corporation and is an ECO Product. Kerb for safety flooring, are innovative products composed of 100% recycled tire rubber (SBR). These products have dampening capability and impact absorption capability. Its application is fundamental in places that have the great importance of single security of its users. Taking into account its characteristics, [&hellip;]<\/p>","protected":false},"featured_media":2190,"comment_status":"open","ping_status":"closed","template":"","meta":[],"product_cat":[45,23],"product_tag":[287,297,302,143,141,383,303,300,381,151,150,292,382,368,284,299,298,384,276,380,288,301,379,144],"aioseo_notices":[],"_links":{"self":[{"href":"https:\/\/ecopaint-corporation.com\/pt\/wp-json\/wp\/v2\/product\/810"}],"collection":[{"href":"https:\/\/ecopaint-corporation.com\/pt\/wp-json\/wp\/v2\/product"}],"about":[{"href":"https:\/\/ecopaint-corporation.com\/pt\/wp-json\/wp\/v2\/types\/product"}],"replies":[{"embeddable":true,"href":"https:\/\/ecopaint-corporation.com\/pt\/wp-json\/wp\/v2\/comments?post=810"}],"version-history":[{"count":1,"href":"https:\/\/ecopaint-corporation.com\/pt\/wp-json\/wp\/v2\/product\/810\/revisions"}],"predecessor-version":[{"id":1460,"href":"https:\/\/ecopaint-corporation.com\/pt\/wp-json\/wp\/v2\/product\/810\/revisions\/1460"}],"wp:featuredmedia":[{"embeddable":true,"href":"https:\/\/ecopaint-corporation.com\/pt\/wp-json\/wp\/v2\/media\/2190"}],"wp:attachment":[{"href":"https:\/\/ecopaint-corporation.com\/pt\/wp-json\/wp\/v2\/media?parent=810"}],"wp:term":[{"taxonomy":"product_cat","embeddable":true,"href":"https:\/\/ecopaint-corporation.com\/pt\/wp-json\/wp\/v2\/product_cat?post=810"},{"taxonomy":"product_tag","embeddable":true,"href":"https:\/\/ecopaint-corporation.com\/pt\/wp-json\/wp\/v2\/product_tag?post=810"}],"curies":[{"name":"wp","href":"https:\/\/api.w.org\/{rel}","templated":true}]}}