{"id":814,"date":"2019-05-20T16:08:27","date_gmt":"2019-05-20T15:08:27","guid":{"rendered":"http:\/\/wordpress.localhost\/wordpress.localhost\/?post_type=product&#038;p=814"},"modified":"2021-03-23T13:21:05","modified_gmt":"2021-03-23T13:21:05","slug":"cork-skin","status":"publish","type":"product","link":"https:\/\/ecopaint-corporation.com\/pt\/produto\/cork-skin\/","title":{"rendered":"Pele de Corti\u00e7a"},"content":{"rendered":"<h2 class=\"ecop\">\u00e9 desenvolvido pela ECOPAINT Corporation e \u00e9 um <strong>Produto ECO<\/strong>.<\/h2>\n<p>A Pele de Corti\u00e7a \u00e9 um tecido sustent\u00e1vel, inovador, flex\u00edvel, duradouro e vers\u00e1til. Pode ser usado em v\u00e1rias aplica\u00e7\u00f5es e ind\u00fastrias com caracter\u00edsticas inigual\u00e1veis por qualquer outro material, as possibilidades s\u00e3o infinitas.<br \/>\nIt allows you to have the natural touch coming from nature without any substances that could harm the environment or health.<br \/>\nTodos os nossos produtos s\u00e3o de origem animal para consumo humano e direcionados a um amplo grupo de ind\u00fastrias e com\u00e9rcio, dos quais destacamos as seguintes categorias:<\/p>\n<ul>\n<li>CAL\u00c7ADO<\/li>\n<li>MODA<\/li>\n<li>MALAS &amp; ACESS\u00d3RIOS<\/li>\n<li>TRABALHOS MANUAIS<\/li>\n<li>DECORA\u00c7\u00c3O<\/li>\n<li>PELES<\/li>\n<li>PRESENTES<\/li>\n<li>MOB\u00cdLIARIO<\/li>\n<\/ul>\n<p><strong>MACIO | LUZ | FLEX\u00cdVEL | ISOLAMENTO T\u00c9RMICO E AC\u00daSTICO | RESIST\u00caNCIA MEC\u00c2NICA | ACABAMENTO DUR\u00c1VEL | RESIST\u00caNCIA \u00c0 \u00c1GUA | RESISTENTE A RISCOS, MANCHAS E SUJEIRA | RESIST\u00caNCIA \u00c0 ABRAS\u00c3O<\/strong><\/p>\n<p>A confec\u00e7\u00e3o \u00e9 feita \u00e0 m\u00e3o, usando a ajuda de m\u00e1quinas espec\u00edficas nas quais cada produto \u00e9 tratado de maneira especial, atendendo aos requisitos de cada cliente.<\/p>","protected":false},"excerpt":{"rendered":"<p>is developed by ECOPAINT Corporation and is an ECO Product. Cork Skin is a sustainable, innovative, flexible, durable and versatile fabric. It can be used in various applications and industries with features unmatched by any other material, possibilities are endless. It allows you to have the natural touch coming from nature without any substances that [&hellip;]<\/p>","protected":false},"featured_media":1631,"comment_status":"open","ping_status":"closed","template":"","meta":[],"product_cat":[49,24],"product_tag":[214,218,217,211,219,220,151,210,181,215,212,221,216,83,213],"aioseo_notices":[],"_links":{"self":[{"href":"https:\/\/ecopaint-corporation.com\/pt\/wp-json\/wp\/v2\/product\/814"}],"collection":[{"href":"https:\/\/ecopaint-corporation.com\/pt\/wp-json\/wp\/v2\/product"}],"about":[{"href":"https:\/\/ecopaint-corporation.com\/pt\/wp-json\/wp\/v2\/types\/product"}],"replies":[{"embeddable":true,"href":"https:\/\/ecopaint-corporation.com\/pt\/wp-json\/wp\/v2\/comments?post=814"}],"version-history":[{"count":1,"href":"https:\/\/ecopaint-corporation.com\/pt\/wp-json\/wp\/v2\/product\/814\/revisions"}],"predecessor-version":[{"id":3081,"href":"https:\/\/ecopaint-corporation.com\/pt\/wp-json\/wp\/v2\/product\/814\/revisions\/3081"}],"wp:featuredmedia":[{"embeddable":true,"href":"https:\/\/ecopaint-corporation.com\/pt\/wp-json\/wp\/v2\/media\/1631"}],"wp:attachment":[{"href":"https:\/\/ecopaint-corporation.com\/pt\/wp-json\/wp\/v2\/media?parent=814"}],"wp:term":[{"taxonomy":"product_cat","embeddable":true,"href":"https:\/\/ecopaint-corporation.com\/pt\/wp-json\/wp\/v2\/product_cat?post=814"},{"taxonomy":"product_tag","embeddable":true,"href":"https:\/\/ecopaint-corporation.com\/pt\/wp-json\/wp\/v2\/product_tag?post=814"}],"curies":[{"name":"wp","href":"https:\/\/api.w.org\/{rel}","templated":true}]}}