{"id":821,"date":"2019-05-20T16:10:24","date_gmt":"2019-05-20T15:10:24","guid":{"rendered":"http:\/\/wordpress.localhost\/wordpress.localhost\/?post_type=product&#038;p=821"},"modified":"2022-05-12T17:03:24","modified_gmt":"2022-05-12T16:03:24","slug":"fabric-softener","status":"publish","type":"product","link":"https:\/\/ecopaint-corporation.com\/pt\/produto\/fabric-softener\/","title":{"rendered":"#FIGHTINSECTS Amaciador de Roupa"},"content":{"rendered":"<h2 class=\"ecop\">\u00e9 desenvolvido pela ECOPAINT Corporation e \u00e9 um <strong>Produto ECO<\/strong>.<\/h2>\n<p>Aditivo de lavanderia funcional com propriedades repelentes de insetos. Este aditivo \u00e9 um amaciante para ser adicionado \u00e0 sua m\u00e1quina de lavar e \u00e9 eficaz no combate a mosquitos, carrapatos, moscas, piolhos e outros insetos. Ideal para prevenir picadas de insetos e transmiss\u00e3o de doen\u00e7as como Mal\u00e1ria, Dengue, Zika, Chikungunya, Febre Amarela, entre outras. #FIGHTINSECTS Fabric Softener fornece prote\u00e7\u00e3o dur\u00e1vel e segura para suas roupas, uniformes, len\u00e7\u00f3is, tecidos e todos os tipos de t\u00eaxteis.<\/p>\n<p><strong>PREVEN\u00c7\u00c3O<\/strong><\/p>\n<ul>\n<li>Malaria;<\/li>\n<li>Febre amarela;<\/li>\n<li>Zika;<\/li>\n<li>Dengue;<\/li>\n<li>Chikungunya;<\/li>\n<li>Outras.<\/li>\n<\/ul>\n<p><strong>BENEF\u00cdCIOS<\/strong><\/p>\n<ul>\n<li>Preven\u00e7\u00e3o de doen\u00e7as transmitidas por mosquitos.<\/li>\n<li>Prote\u00e7\u00e3o de longa dura\u00e7\u00e3o contra mordidas.<\/li>\n<li>F\u00e1cil de aplicar e econ\u00f3mico;<\/li>\n<li>Sustent\u00e1vel, eficaz e seguro.<\/li>\n<li>Seguro para crian\u00e7as a partir dos 6 meses de idade e gr\u00e1vidas;<\/li>\n<\/ul>\n<p><strong>CARACTER\u00cdSTICAS<\/strong><\/p>\n<ul>\n<li>Longa durabilidade (20 lavagens);<\/li>\n<li>Princ\u00edpio ativo n\u00e3o t\u00f3xico<\/li>\n<li>Repelente (n\u00e3o mata)<\/li>\n<li>N\u00e3o causa irrita\u00e7\u00f5es na pele;<\/li>\n<li>Aplica\u00e7\u00e3o f\u00e1cil;<\/li>\n<li>Amigo do meio ambiente.<\/li>\n<\/ul>\n<p><strong>APLICA\u00c7\u00c3O<\/strong><\/p>\n<p>#FIGHTINSECTS FABRIC SOFTENER is supplied in liquid format to be added directly to your laundry machine as a normal softener. This product will replace other softeners, and is compatible with both synthetic and natural fibres, meaning all textiles can be \u201cwash-treated\u201d with these innovative properties.<\/p>\n<p><strong>INSTRU\u00c7\u00d5ES<\/strong><\/p>\n<p>Aplique o produto (a embalagem) diretamente no compartimento do amaciante da sua m\u00e1quina de lavar (aprox. 8kg de roupa).<\/p>\n<p><strong>INFORMA\u00c7\u00c3O ADICIONAL<\/strong><br \/>\nGuarde em local fresco. Manter o recipiente bem fechado em local seco e bem ventilado. Os recipientes abertos devem ser cuidadosamente selados e mantidos em posi\u00e7\u00e3o vertical para evitar vazamentos.<br \/>\nN\u00e3o exponha \u00e0 luz solar directa.<br \/>\nAs informa\u00e7\u00f5es contidas nesta ficha t\u00e9cnica s\u00e3o baseadas no nosso melhor conhecimento t\u00e9cnico e nas condi\u00e7\u00f5es de aplica\u00e7\u00e3o al\u00e9m do nosso controle.<br \/>\nO utilizador \u00e9 totalmente respons\u00e1vel pelo uso correto do produto em rela\u00e7\u00e3o aos aspectos t\u00e9cnicos e de seguran\u00e7a no trabalho.<br \/>\nPor favor, leia a \u201cFicha T\u00e9cnica de Seguran\u00e7a\u201d e tome todas as devidas precau\u00e7\u00f5es de seguran\u00e7a e ambientais.<br \/>\nOs termos desta Ficha T\u00e9cnica apenas fornecem os requisitos t\u00e9cnicos do produto e n\u00e3o criam ou inferem qualquer garantia, expressa ou impl\u00edcita.<\/p>\n<p>&nbsp;<\/p>\n<p>&nbsp;<\/p>","protected":false},"excerpt":{"rendered":"<p>is developed by ECOPAINT Corporation and is an ECO Product. Functional laundry additive with insect repellent properties. This additive is a softener to be added to your laundry machine and is effective in the fight against mosquitoes, ticks, flies, lice, and other bugs. Ideal for preventing insect bites and transmission of diseases such as Malaria, [&hellip;]<\/p>","protected":false},"featured_media":5255,"comment_status":"open","ping_status":"closed","template":"","meta":[],"product_cat":[47,24],"product_tag":[323,325,158,143,316,312,311,314,160,151,147,150,324,317,310,308,318,307,321,322,326,313,315,319,320,309],"aioseo_notices":[],"_links":{"self":[{"href":"https:\/\/ecopaint-corporation.com\/pt\/wp-json\/wp\/v2\/product\/821"}],"collection":[{"href":"https:\/\/ecopaint-corporation.com\/pt\/wp-json\/wp\/v2\/product"}],"about":[{"href":"https:\/\/ecopaint-corporation.com\/pt\/wp-json\/wp\/v2\/types\/product"}],"replies":[{"embeddable":true,"href":"https:\/\/ecopaint-corporation.com\/pt\/wp-json\/wp\/v2\/comments?post=821"}],"version-history":[{"count":1,"href":"https:\/\/ecopaint-corporation.com\/pt\/wp-json\/wp\/v2\/product\/821\/revisions"}],"predecessor-version":[{"id":1468,"href":"https:\/\/ecopaint-corporation.com\/pt\/wp-json\/wp\/v2\/product\/821\/revisions\/1468"}],"wp:featuredmedia":[{"embeddable":true,"href":"https:\/\/ecopaint-corporation.com\/pt\/wp-json\/wp\/v2\/media\/5255"}],"wp:attachment":[{"href":"https:\/\/ecopaint-corporation.com\/pt\/wp-json\/wp\/v2\/media?parent=821"}],"wp:term":[{"taxonomy":"product_cat","embeddable":true,"href":"https:\/\/ecopaint-corporation.com\/pt\/wp-json\/wp\/v2\/product_cat?post=821"},{"taxonomy":"product_tag","embeddable":true,"href":"https:\/\/ecopaint-corporation.com\/pt\/wp-json\/wp\/v2\/product_tag?post=821"}],"curies":[{"name":"wp","href":"https:\/\/api.w.org\/{rel}","templated":true}]}}