{"id":822,"date":"2019-05-20T16:10:37","date_gmt":"2019-05-20T15:10:37","guid":{"rendered":"http:\/\/wordpress.localhost\/wordpress.localhost\/?post_type=product&#038;p=822"},"modified":"2022-05-12T16:58:24","modified_gmt":"2022-05-12T15:58:24","slug":"spray-for-textiles","status":"publish","type":"product","link":"https:\/\/ecopaint-corporation.com\/pt\/produto\/spray-for-textiles\/","title":{"rendered":"#FIGHTINSECTS Spray for Textiles"},"content":{"rendered":"<h2 class=\"ecop\">\u00e9 desenvolvido pela ECOPAINT Corporation e \u00e9 um <strong>Produto ECO<\/strong>.<\/h2>\n<p>Spray para pulveriza\u00e7\u00e3o de materiais e superf\u00edcies t\u00eaxteis com efeito repelente de mosquitos.<br \/>\nEste aplicador \u00e9 para ser usado em qualquer superf\u00edcie t\u00eaxtil, para a pulveriza\u00e7\u00e3o de roupas deve ser feita antes de vestir.<br \/>\nAp\u00f3s a aplica\u00e7\u00e3o, deve esperar 5 minutos, produz um efeito repelente de mosquitos at\u00e9 que a pr\u00f3xima lavagem seja feita.<\/p>\n<p><strong>DURA\u00c7\u00c3O:<\/strong> 1 lavagem.<\/p>\n<p><strong>PREVEN\u00c7\u00c3O<\/strong><\/p>\n<ul>\n<li>Malaria;<\/li>\n<li>Febre amarela;<\/li>\n<li>Leishmaniose;<\/li>\n<li>Dengue;<\/li>\n<li>Chikungunya;<\/li>\n<li>Outras.<\/li>\n<\/ul>\n<p><strong>BENEF\u00cdCIOS<\/strong><\/p>\n<ul>\n<li>Repelente (n\u00e3o mata);<\/li>\n<li>N\u00e3o t\u00f3xico, seguro e biocompat\u00edvel;<\/li>\n<li>Alta efici\u00eancia<\/li>\n<li>Efeito duradouro (at\u00e9 nova lavagem);<\/li>\n<li>Custos reduzidos;<\/li>\n<li>Alta durabilidade (+4 anos).<\/li>\n<\/ul>\n<p><strong>CARACTER\u00cdSTICAS<\/strong><\/p>\n<ul>\n<li>Princ\u00edpio ativo n\u00e3o t\u00f3xico<\/li>\n<li>N\u00e3o causa irrita\u00e7\u00f5es na pele;<\/li>\n<li>Aplica\u00e7\u00e3o f\u00e1cil;<\/li>\n<li>Amigo do meio ambiente;<\/li>\n<\/ul>\n<p><strong>DADOS T\u00c9CNICOS<br \/>\n<\/strong><strong>Aspecto de acabamento:<\/strong> N\u00e3o dispon\u00edvel<br \/>\n<strong>Forma:<\/strong> L\u00edquido<br \/>\n<strong>Cor:<\/strong> Transparente<br \/>\n<strong>Odor:<\/strong> Caracter\u00edstico<br \/>\n<strong>Densidade:<\/strong> 0.90<br \/>\n<strong>Viscosidade:<\/strong> N\u00e3o dispon\u00edvel<br \/>\n<strong>Valor de PH:<\/strong> 7<\/p>\n<p><strong>APLICA\u00c7\u00c3O<\/strong><br \/>\nPulverize na superf\u00edcie t\u00eaxtil. No caso de roupas, a pulveriza\u00e7\u00e3o deve ser feita antes de usar. Depois de aplicar o spray, aguarde 5 minutos.<br \/>\nO efeito de repel\u00eancia dura at\u00e9 que o material t\u00eaxtil seja lavado.<\/p>\n<p><strong>Recomenda\u00e7\u00f5es:<\/strong> Use equipamento de prote\u00e7\u00e3o pessoal. Evite respirar vapores, n\u00e9voas ou gases. Assegure ventila\u00e7\u00e3o adequada.<\/p>\n<p>&nbsp;<\/p>\n<p>&nbsp;<\/p>\n<p>&nbsp;<\/p>","protected":false},"excerpt":{"rendered":"<p>is developed by ECOPAINT Corporation and is an ECO Product. Spray for spraying materials and textile surfaces with mosquito repellent effect. This is an application to be used on any textile surface, for clothes spraying should be made before dressing. After applying, you should wait 5 minutes, it produces a mosquito repellent effect until the [&hellip;]<\/p>","protected":false},"featured_media":5592,"comment_status":"open","ping_status":"closed","template":"","meta":[],"product_cat":[47,24],"product_tag":[143,316,312,311,314,151,150,317,310,308,304,307,313,315,305,306,309],"aioseo_notices":[],"_links":{"self":[{"href":"https:\/\/ecopaint-corporation.com\/pt\/wp-json\/wp\/v2\/product\/822"}],"collection":[{"href":"https:\/\/ecopaint-corporation.com\/pt\/wp-json\/wp\/v2\/product"}],"about":[{"href":"https:\/\/ecopaint-corporation.com\/pt\/wp-json\/wp\/v2\/types\/product"}],"replies":[{"embeddable":true,"href":"https:\/\/ecopaint-corporation.com\/pt\/wp-json\/wp\/v2\/comments?post=822"}],"version-history":[{"count":0,"href":"https:\/\/ecopaint-corporation.com\/pt\/wp-json\/wp\/v2\/product\/822\/revisions"}],"wp:featuredmedia":[{"embeddable":true,"href":"https:\/\/ecopaint-corporation.com\/pt\/wp-json\/wp\/v2\/media\/5592"}],"wp:attachment":[{"href":"https:\/\/ecopaint-corporation.com\/pt\/wp-json\/wp\/v2\/media?parent=822"}],"wp:term":[{"taxonomy":"product_cat","embeddable":true,"href":"https:\/\/ecopaint-corporation.com\/pt\/wp-json\/wp\/v2\/product_cat?post=822"},{"taxonomy":"product_tag","embeddable":true,"href":"https:\/\/ecopaint-corporation.com\/pt\/wp-json\/wp\/v2\/product_tag?post=822"}],"curies":[{"name":"wp","href":"https:\/\/api.w.org\/{rel}","templated":true}]}}